{"id":4190,"date":"2025-07-31T08:26:23","date_gmt":"2025-07-31T11:26:23","guid":{"rendered":"http:\/\/lessence.com.br\/pt\/?page_id=4190"},"modified":"2025-07-31T08:26:23","modified_gmt":"2025-07-31T11:26:23","slug":"politica-de-privacidade","status":"publish","type":"page","link":"http:\/\/lessence.com.br\/pt\/produtos\/politica-de-privacidade\/","title":{"rendered":"Pol\u00edtica de Privacidade"},"content":{"rendered":"[vc_row type=&#8221;in_container&#8221; full_screen_row_position=&#8221;middle&#8221; column_margin=&#8221;default&#8221; column_direction=&#8221;default&#8221; column_direction_tablet=&#8221;default&#8221; column_direction_phone=&#8221;default&#8221; scene_position=&#8221;center&#8221; text_color=&#8221;dark&#8221; text_align=&#8221;left&#8221; row_border_radius=&#8221;none&#8221; row_border_radius_applies=&#8221;bg&#8221; overlay_strength=&#8221;0.3&#8243; gradient_direction=&#8221;left_to_right&#8221; shape_divider_position=&#8221;bottom&#8221; bg_image_animation=&#8221;none&#8221;][vc_column column_padding=&#8221;no-extra-padding&#8221; column_padding_tablet=&#8221;inherit&#8221; column_padding_phone=&#8221;inherit&#8221; column_padding_position=&#8221;all&#8221; background_color_opacity=&#8221;1&#8243; background_hover_color_opacity=&#8221;1&#8243; column_shadow=&#8221;none&#8221; column_border_radius=&#8221;none&#8221; column_link_target=&#8221;_self&#8221; gradient_direction=&#8221;left_to_right&#8221; overlay_strength=&#8221;0.3&#8243; width=&#8221;1\/1&#8243; tablet_width_inherit=&#8221;default&#8221; tablet_text_alignment=&#8221;default&#8221; phone_text_alignment=&#8221;default&#8221; column_border_width=&#8221;none&#8221; column_border_style=&#8221;solid&#8221; bg_image_animation=&#8221;none&#8221;][divider line_type=&#8221;No Line&#8221; custom_height=&#8221;50&#8243;][\/vc_column][\/vc_row][vc_row type=&#8221;in_container&#8221; full_screen_row_position=&#8221;middle&#8221; column_margin=&#8221;default&#8221; column_direction=&#8221;default&#8221; column_direction_tablet=&#8221;default&#8221; column_direction_phone=&#8221;default&#8221; scene_position=&#8221;center&#8221; text_color=&#8221;dark&#8221; text_align=&#8221;left&#8221; row_border_radius=&#8221;none&#8221; row_border_radius_applies=&#8221;bg&#8221; overlay_strength=&#8221;0.3&#8243; gradient_direction=&#8221;left_to_right&#8221; shape_divider_position=&#8221;bottom&#8221; bg_image_animation=&#8221;none&#8221;][vc_column column_padding=&#8221;no-extra-padding&#8221; column_padding_tablet=&#8221;inherit&#8221; column_padding_phone=&#8221;inherit&#8221; column_padding_position=&#8221;all&#8221; background_color_opacity=&#8221;1&#8243; background_hover_color_opacity=&#8221;1&#8243; column_shadow=&#8221;none&#8221; column_border_radius=&#8221;none&#8221; column_link_target=&#8221;_self&#8221; gradient_direction=&#8221;left_to_right&#8221; overlay_strength=&#8221;0.3&#8243; width=&#8221;1\/1&#8243; tablet_width_inherit=&#8221;default&#8221; tablet_text_alignment=&#8221;default&#8221; phone_text_alignment=&#8221;default&#8221; column_border_width=&#8221;none&#8221; column_border_style=&#8221;solid&#8221; bg_image_animation=&#8221;none&#8221;][vc_custom_heading text=&#8221;Pol\u00edtica de Privacidade&#8221; font_container=&#8221;tag:h1|text_align:center&#8221; google_fonts=&#8221;font_family:Bree%20Serif%3Aregular|font_style:400%20regular%3A400%3Anormal&#8221;][\/vc_column][\/vc_row][vc_row type=&#8221;in_container&#8221; full_screen_row_position=&#8221;middle&#8221; column_margin=&#8221;default&#8221; column_direction=&#8221;default&#8221; column_direction_tablet=&#8221;default&#8221; column_direction_phone=&#8221;default&#8221; scene_position=&#8221;center&#8221; text_color=&#8221;dark&#8221; text_align=&#8221;left&#8221; row_border_radius=&#8221;none&#8221; row_border_radius_applies=&#8221;bg&#8221; overlay_strength=&#8221;0.3&#8243; gradient_direction=&#8221;left_to_right&#8221; shape_divider_position=&#8221;bottom&#8221; bg_image_animation=&#8221;none&#8221;][vc_column column_padding=&#8221;no-extra-padding&#8221; column_padding_tablet=&#8221;inherit&#8221; column_padding_phone=&#8221;inherit&#8221; column_padding_position=&#8221;all&#8221; background_color_opacity=&#8221;1&#8243; background_hover_color_opacity=&#8221;1&#8243; column_shadow=&#8221;none&#8221; column_border_radius=&#8221;none&#8221; column_link_target=&#8221;_self&#8221; gradient_direction=&#8221;left_to_right&#8221; overlay_strength=&#8221;0.3&#8243; width=&#8221;1\/1&#8243; tablet_width_inherit=&#8221;default&#8221; tablet_text_alignment=&#8221;default&#8221; phone_text_alignment=&#8221;default&#8221; column_border_width=&#8221;none&#8221; column_border_style=&#8221;solid&#8221; bg_image_animation=&#8221;none&#8221;][vc_column_text]N\u00f3s da<strong> L&#8217;essence Fragrances<\/strong>, temos o compromisso de proteger a sua privacidade. Atrav\u00e9s da nossa <a href=\"https:\/\/lapiendrius.com.br\/pt\/politicade_de_privacidade\/\">pol\u00edtica de privacidade<\/a>, buscamos esclarecer quais informa\u00e7\u00f5es s\u00e3o coletadas dos usu\u00e1rios que acessam o nosso site <a href=\"http:\/\/lessence.com.br\/pt\/produtos\/politica-de-privacidade\/\">http:\/\/lessence.com.br\/pt\/produtos\/politica-de-privacidade\/<\/a> ou nossas redes sociais e respectivos servi\u00e7os, e de que forma esses dados s\u00e3o manipulados e utilizados. Para oferecermos nossos servi\u00e7os anunciados por meio do deste site, a L\u2019essence coleta dados e informa\u00e7\u00f5es, com o intuito apenas, de proporcionar uma experi\u00eancia melhor para voc\u00ea, usu\u00e1rio, sabemos que a sua privacidade \u00e9 muito importante, por esse motivo estamos tomando todas as medidas poss\u00edveis para proteg\u00ea-la. Por isso, criamos este espa\u00e7o para expor a nossa Pol\u00edtica de Privacidade que \u00e9 fundamental, para que voc\u00ea possa entender como as suas informa\u00e7\u00f5es e dados ser\u00e3o coletados, utilizados, compartilhados e armazenados por meio do site da L\u2019essence e seus respectivos servi\u00e7os. Caso n\u00e3o concorde com nossa Pol\u00edtica Privacidade, o usu\u00e1rio n\u00e3o deve utilizar nosso website.<\/p>\n<p><strong>1. Sobre a Coleta de dados<\/strong><\/p>\n<p>A quantidade e o tipo de informa\u00e7\u00f5es coletadas pela nossa empresa \u00e9 a estritamente necess\u00e1rio para responder ao seu contato e, para lhe divulgar e oferecer informa\u00e7\u00f5es, novidades e eventos do mundo jur\u00eddico que lhe possam interessar.<\/p>\n<p><strong>1.1. Cookies<\/strong><\/p>\n<p>S\u00e3o identificadores que s\u00e3o transferidos para o seu navegador ou dispositivo, que nos informam como e quando as p\u00e1ginas e recursos em nosso website s\u00e3o visitados, quantas pessoas as acessam e algumas informa\u00e7\u00f5es sobre seus dispositivos. \u201cTag\u201d \u00e9 uma denomina\u00e7\u00e3o gen\u00e9rica para trechos de c\u00f3digos que permitem a coleta de dados de usu\u00e1rios de um website, e possibilitam a implementa\u00e7\u00e3o de funcionalidades (ex. v\u00eddeos, imagens, entre outros), e permitem a utiliza\u00e7\u00e3o de cookies. Quando voc\u00ea visita nosso site, s\u00e3o inseridos \u201ccookies\u201d no seu navegador (como por exemplo Firefox, Edge, Chrome, entre outros), a fim de entender seu comportamento como usu\u00e1rio e melhor atend\u00ea-lo dentro das suas necessidades. A coleta \u00e9 feita de forma autom\u00e1tica de determinados dados pessoais para que possamos operacionalizar nosso website (cookies estritamente necess\u00e1rios) e obter informa\u00e7\u00f5es agregadas sobre nossos usu\u00e1rios. Nossos websites tamb\u00e9m possuem cookies de terceiros que s\u00e3o utilizados para publicidade (cookies de publicidade\/advertising).<\/p>\n<p><strong>1.2 Gest\u00e3o dos cookies e configura\u00e7\u00f5es do navegador<\/strong><\/p>\n<p>O usu\u00e1rio poder\u00e1 se opor ao registro de cookies pelo site, bastando que desative esta op\u00e7\u00e3o no seu pr\u00f3prio navegador ou dispositivo. A Desativa\u00e7\u00e3o de Cookies, no entanto, pode afetar a disponibilidade de algumas ferramentas e funcionalidades do site, comprometendo seu correto e esperado funcionamento, ou mesmo a remo\u00e7\u00e3o de prefer\u00eancias que tiverem sido salvas, prejudicando sua experi\u00eancia.<\/p>\n<p><strong>2. Sobre o uso de seus dados pessoais<\/strong><\/p>\n<p>Importante relembrar que todos os dados e informa\u00e7\u00f5es sobre voc\u00ea s\u00e3o tratadas como confidenciais, protegendo a sua privacidade e somente ser\u00e3o utilizados para os fins aqui descritos e com o seu consentimento. Em atendimento \u00e0s disposi\u00e7\u00f5es do art. 15, caput e par\u00e1grafos, da Lei n\u00ba12965\/2014 os registros de acesso dos usu\u00e1rios ser\u00e3o coletados e armazenados por, pelo menos, seis meses. Qualquer dado que venhamos a utilizar, s\u00e3o, somente, para presta\u00e7\u00e3o de nossos servi\u00e7os e sempre com o intuito de melhorar a sua experi\u00eancia como usu\u00e1rio. Desta forma, poderemos personalizar o servi\u00e7o para adequar cada vez mais aos seus gostos e interesses.<\/p>\n<p><strong>3. Sobre o acesso aos seus dados pessoais<\/strong><\/p>\n<p>Somente funcion\u00e1rios da L\u2019essence com as devidas autoriza\u00e7\u00f5es ter\u00e3o acesso aos seus dados, nenhum dado pessoal poder\u00e1 ser divulgado publicamente. A L\u2019essence tem o compromisso com os seus usu\u00e1rios, e est\u00e1 sempre se atualizando e realizando manuten\u00e7\u00f5es em nosso sistema, para garantir a seguran\u00e7a dos seus dados e do nosso trabalho. Esses ser\u00e3o mantidos somente at\u00e9 quando forem necess\u00e1rios ou relevantes para as finalidades descritas nesta Pol\u00edtica, ou em caso de per\u00edodos pr\u00e9-determinados por lei. Para resguardar e proteger nossos direitos nos reservamos o direito de acessar, ler, preservar e fornecer quaisquer dados e informa\u00e7\u00f5es sobre os Usu\u00e1rios, incluindo intera\u00e7\u00f5es suas, caso sejam necess\u00e1rios para cumprir uma obriga\u00e7\u00e3o legal ou uma ordem judicial; para fazer cumprir ou aplicar outros acordos e\/ou contratos; ou proteger os direitos, propriedade ou seguran\u00e7a do nosso escrit\u00f3rio, bem como, de nossos funcion\u00e1rios e\/ou outros Usu\u00e1rios.<\/p>\n<p><strong>4. Como controlar seus dados pessoais?<\/strong><\/p>\n<p>O Usu\u00e1rio do site e das landing pages sempre poder\u00e1 optar em n\u00e3o divulgar seus dados, mas alguns desses dados podem ser necess\u00e1rios para obter alguns dos Conte\u00fados e\/ou Servi\u00e7os que oferecemos (p. ex. newsletter). Independente disso, o Usu\u00e1rio do site e das landing pages sempre possuir\u00e1 direitos relativos a privacidade e a prote\u00e7\u00e3o dos seus dados pessoais, podendo a qualquer momento requerer ao nosso escrit\u00f3rio que esses sejam: devolvidos, atualizados, corrigidos ou deletados de nosso banco de dados. Talvez seja necess\u00e1rio contatar o Usu\u00e1rio para confirmar sua identidade e garantir seu direito de gerir seus dados pessoais (ou de exercer seus outros direitos). Trata-se de medida de seguran\u00e7a para garantir que os seus dados pessoais n\u00e3o sejam divulgados a qualquer pessoa que n\u00e3o tenha direito de receb\u00ea-los. A empresa responder\u00e1 todas as solicita\u00e7\u00f5es leg\u00edtimas dentro de 30 (trinta) dias corridos. Caso seja necess\u00e1rio mais tempo enviaremos uma nova previs\u00e3o para atendimento de sua solicita\u00e7\u00e3o. Caso persista alguma d\u00favida sobre o exerc\u00edcio dos seus direitos aos seus dados pessoais, entre em contato conosco atrav\u00e9s da Aba Contato localizada no nosso site.<\/p>\n<p><strong>4.1 Por quanto tempo os dados s\u00e3o armazenados?<\/strong><\/p>\n<p>N\u00f3s manteremos os dados pessoais dos Usu\u00e1rios do site e das landing pages somente pelo tempo que for necess\u00e1rio para cumprir com as finalidades para as quais os coletamos, inclusive para fins de cumprimento de quaisquer obriga\u00e7\u00f5es legais, contratuais, de presta\u00e7\u00e3o de contas ou requisi\u00e7\u00e3o de autoridades competentes. Todos os dados coletados ser\u00e3o exclu\u00eddos de nossos servidores quando o Usu\u00e1rio assim requisitar ou quando estes n\u00e3o forem mais necess\u00e1rios ou relevantes para oferecermos os nossos Servi\u00e7os, salvo se houver qualquer outra raz\u00e3o para a sua manuten\u00e7\u00e3o, como eventual obriga\u00e7\u00e3o legal de reten\u00e7\u00e3o de dados, ou necessidade de preserva\u00e7\u00e3o destes para resguardo de direitos da nossa empresa. Para determinar o per\u00edodo de reten\u00e7\u00e3o adequado para os dados pessoais, consideramos a quantidade, a natureza e a sensibilidade dos dados pessoais, o risco potencial de danos decorrentes do uso n\u00e3o autorizado ou da divulga\u00e7\u00e3o de seus dados pessoais, a finalidade de processamento dos seus dados pessoais e se podemos alcan\u00e7ar tais prop\u00f3sitos atrav\u00e9s de outros meios, e os requisitos legais aplic\u00e1veis.<\/p>\n<p><strong>5. Mudan\u00e7as na Pol\u00edtica de Privacidade<\/strong><\/p>\n<p>A L\u2019essence informa que a Pol\u00edtica de Privacidade pode passar por atualiza\u00e7\u00f5es de acordo com as mudan\u00e7as previstas em lei. Por esse motivo \u00e9 recomendado que como usu\u00e1rio frequente, sempre revise esta p\u00e1gina, para que voc\u00ea tenha conhecimento sobre qualquer modifica\u00e7\u00e3o. Mas, caso sejam feitas altera\u00e7\u00f5es relevantes que necessitem novas autoriza\u00e7\u00f5es suas, publicaremos uma nova pol\u00edtica de privacidade.<\/p>\n<p><strong>6. Lei Aplic\u00e1vel<\/strong><\/p>\n<p>Este documento \u00e9 regido e deve ser interpretado de acordo com as leis da Rep\u00fablica Federativa do Brasil, especialmente a Lei n\u00ba 13.709\/2018, independentemente das Leis de outros estados ou pa\u00edses, sendo competente o foro de domic\u00edlio do Cliente para dirimir qualquer d\u00favida decorrente deste documento.[\/vc_column_text][\/vc_column][\/vc_row]\n","protected":false},"excerpt":{"rendered":"<p>[vc_row type=&#8221;in_container&#8221; full_screen_row_position=&#8221;middle&#8221; column_margin=&#8221;default&#8221; column_direction=&#8221;default&#8221; column_direction_tablet=&#8221;default&#8221; column_direction_phone=&#8221;default&#8221; scene_position=&#8221;center&#8221; text_color=&#8221;dark&#8221; text_align=&#8221;left&#8221; row_border_radius=&#8221;none&#8221; row_border_radius_applies=&#8221;bg&#8221; overlay_strength=&#8221;0.3&#8243; gradient_direction=&#8221;left_to_right&#8221; shape_divider_position=&#8221;bottom&#8221; bg_image_animation=&#8221;none&#8221;][vc_column column_padding=&#8221;no-extra-padding&#8221; column_padding_tablet=&#8221;inherit&#8221; column_padding_phone=&#8221;inherit&#8221; column_padding_position=&#8221;all&#8221; background_color_opacity=&#8221;1&#8243; background_hover_color_opacity=&#8221;1&#8243; column_shadow=&#8221;none&#8221; column_border_radius=&#8221;none&#8221; column_link_target=&#8221;_self&#8221; gradient_direction=&#8221;left_to_right&#8221; overlay_strength=&#8221;0.3&#8243; width=&#8221;1\/1&#8243; tablet_width_inherit=&#8221;default&#8221; tablet_text_alignment=&#8221;default&#8221;&#8230;<\/p>\n","protected":false},"author":1,"featured_media":0,"parent":3691,"menu_order":0,"comment_status":"closed","ping_status":"closed","template":"template-portfolio.php","meta":{"footnotes":""},"class_list":["post-4190","page","type-page","status-publish"],"yoast_head":"<!-- This site is optimized with the Yoast SEO plugin v24.9 - https:\/\/yoast.com\/wordpress\/plugins\/seo\/ -->\n<title>Pol\u00edtica de Privacidade | L\u00b4essence<\/title>\n<meta name=\"robots\" content=\"index, follow, max-snippet:-1, max-image-preview:large, max-video-preview:-1\" \/>\n<link rel=\"canonical\" href=\"http:\/\/lessence.com.br\/pt\/produtos\/politica-de-privacidade\/\" \/>\n<meta property=\"og:locale\" content=\"pt_BR\" \/>\n<meta property=\"og:type\" content=\"article\" \/>\n<meta property=\"og:title\" content=\"Pol\u00edtica de Privacidade | L\u00b4essence\" \/>\n<meta property=\"og:description\" content=\"[vc_row type=&#8221;in_container&#8221; full_screen_row_position=&#8221;middle&#8221; column_margin=&#8221;default&#8221; column_direction=&#8221;default&#8221; column_direction_tablet=&#8221;default&#8221; column_direction_phone=&#8221;default&#8221; scene_position=&#8221;center&#8221; text_color=&#8221;dark&#8221; text_align=&#8221;left&#8221; row_border_radius=&#8221;none&#8221; row_border_radius_applies=&#8221;bg&#8221; overlay_strength=&#8221;0.3&#8243; gradient_direction=&#8221;left_to_right&#8221; shape_divider_position=&#8221;bottom&#8221; bg_image_animation=&#8221;none&#8221;][vc_column column_padding=&#8221;no-extra-padding&#8221; column_padding_tablet=&#8221;inherit&#8221; column_padding_phone=&#8221;inherit&#8221; column_padding_position=&#8221;all&#8221; background_color_opacity=&#8221;1&#8243; background_hover_color_opacity=&#8221;1&#8243; column_shadow=&#8221;none&#8221; column_border_radius=&#8221;none&#8221; column_link_target=&#8221;_self&#8221; gradient_direction=&#8221;left_to_right&#8221; overlay_strength=&#8221;0.3&#8243; width=&#8221;1\/1&#8243; tablet_width_inherit=&#8221;default&#8221; tablet_text_alignment=&#8221;default&#8221;...\" \/>\n<meta property=\"og:url\" content=\"http:\/\/lessence.com.br\/pt\/produtos\/politica-de-privacidade\/\" \/>\n<meta property=\"og:site_name\" content=\"L\u00b4essence\" \/>\n<meta name=\"twitter:card\" content=\"summary_large_image\" \/>\n<meta name=\"twitter:label1\" content=\"Est. tempo de leitura\" \/>\n\t<meta name=\"twitter:data1\" content=\"7 minutos\" \/>\n<script type=\"application\/ld+json\" class=\"yoast-schema-graph\">{\"@context\":\"https:\/\/schema.org\",\"@graph\":[{\"@type\":\"WebPage\",\"@id\":\"http:\/\/lessence.com.br\/pt\/produtos\/politica-de-privacidade\/\",\"url\":\"http:\/\/lessence.com.br\/pt\/produtos\/politica-de-privacidade\/\",\"name\":\"Pol\u00edtica de Privacidade | L\u00b4essence\",\"isPartOf\":{\"@id\":\"http:\/\/lessence.com.br\/pt\/#website\"},\"datePublished\":\"2025-07-31T11:26:23+00:00\",\"breadcrumb\":{\"@id\":\"http:\/\/lessence.com.br\/pt\/produtos\/politica-de-privacidade\/#breadcrumb\"},\"inLanguage\":\"pt-BR\",\"potentialAction\":[{\"@type\":\"ReadAction\",\"target\":[\"http:\/\/lessence.com.br\/pt\/produtos\/politica-de-privacidade\/\"]}]},{\"@type\":\"BreadcrumbList\",\"@id\":\"http:\/\/lessence.com.br\/pt\/produtos\/politica-de-privacidade\/#breadcrumb\",\"itemListElement\":[{\"@type\":\"ListItem\",\"position\":1,\"name\":\"In\u00edcio\",\"item\":\"http:\/\/lessence.com.br\/pt\/\"},{\"@type\":\"ListItem\",\"position\":2,\"name\":\"Produtos\",\"item\":\"http:\/\/lessence.com.br\/pt\/produtos\/\"},{\"@type\":\"ListItem\",\"position\":3,\"name\":\"Pol\u00edtica de Privacidade\"}]},{\"@type\":\"WebSite\",\"@id\":\"http:\/\/lessence.com.br\/pt\/#website\",\"url\":\"http:\/\/lessence.com.br\/pt\/\",\"name\":\"L\u00b4essence\",\"description\":\"Site Oficial L\u00b4essence\",\"publisher\":{\"@id\":\"http:\/\/lessence.com.br\/pt\/#organization\"},\"potentialAction\":[{\"@type\":\"SearchAction\",\"target\":{\"@type\":\"EntryPoint\",\"urlTemplate\":\"http:\/\/lessence.com.br\/pt\/?s={search_term_string}\"},\"query-input\":{\"@type\":\"PropertyValueSpecification\",\"valueRequired\":true,\"valueName\":\"search_term_string\"}}],\"inLanguage\":\"pt-BR\"},{\"@type\":\"Organization\",\"@id\":\"http:\/\/lessence.com.br\/pt\/#organization\",\"name\":\"L' essence\",\"url\":\"http:\/\/lessence.com.br\/pt\/\",\"logo\":{\"@type\":\"ImageObject\",\"inLanguage\":\"pt-BR\",\"@id\":\"http:\/\/lessence.com.br\/pt\/#\/schema\/logo\/image\/\",\"url\":\"http:\/\/lessence.com.br\/pt\/wp-content\/uploads\/2020\/08\/lessence-logo.png\",\"contentUrl\":\"http:\/\/lessence.com.br\/pt\/wp-content\/uploads\/2020\/08\/lessence-logo.png\",\"width\":200,\"height\":100,\"caption\":\"L' essence\"},\"image\":{\"@id\":\"http:\/\/lessence.com.br\/pt\/#\/schema\/logo\/image\/\"}}]}<\/script>\n<!-- \/ Yoast SEO plugin. -->","yoast_head_json":{"title":"Pol\u00edtica de Privacidade | L\u00b4essence","robots":{"index":"index","follow":"follow","max-snippet":"max-snippet:-1","max-image-preview":"max-image-preview:large","max-video-preview":"max-video-preview:-1"},"canonical":"http:\/\/lessence.com.br\/pt\/produtos\/politica-de-privacidade\/","og_locale":"pt_BR","og_type":"article","og_title":"Pol\u00edtica de Privacidade | L\u00b4essence","og_description":"[vc_row type=&#8221;in_container&#8221; full_screen_row_position=&#8221;middle&#8221; column_margin=&#8221;default&#8221; column_direction=&#8221;default&#8221; column_direction_tablet=&#8221;default&#8221; column_direction_phone=&#8221;default&#8221; scene_position=&#8221;center&#8221; text_color=&#8221;dark&#8221; text_align=&#8221;left&#8221; row_border_radius=&#8221;none&#8221; row_border_radius_applies=&#8221;bg&#8221; overlay_strength=&#8221;0.3&#8243; gradient_direction=&#8221;left_to_right&#8221; shape_divider_position=&#8221;bottom&#8221; bg_image_animation=&#8221;none&#8221;][vc_column column_padding=&#8221;no-extra-padding&#8221; column_padding_tablet=&#8221;inherit&#8221; column_padding_phone=&#8221;inherit&#8221; column_padding_position=&#8221;all&#8221; background_color_opacity=&#8221;1&#8243; background_hover_color_opacity=&#8221;1&#8243; column_shadow=&#8221;none&#8221; column_border_radius=&#8221;none&#8221; column_link_target=&#8221;_self&#8221; gradient_direction=&#8221;left_to_right&#8221; overlay_strength=&#8221;0.3&#8243; width=&#8221;1\/1&#8243; tablet_width_inherit=&#8221;default&#8221; tablet_text_alignment=&#8221;default&#8221;...","og_url":"http:\/\/lessence.com.br\/pt\/produtos\/politica-de-privacidade\/","og_site_name":"L\u00b4essence","twitter_card":"summary_large_image","twitter_misc":{"Est. tempo de leitura":"7 minutos"},"schema":{"@context":"https:\/\/schema.org","@graph":[{"@type":"WebPage","@id":"http:\/\/lessence.com.br\/pt\/produtos\/politica-de-privacidade\/","url":"http:\/\/lessence.com.br\/pt\/produtos\/politica-de-privacidade\/","name":"Pol\u00edtica de Privacidade | L\u00b4essence","isPartOf":{"@id":"http:\/\/lessence.com.br\/pt\/#website"},"datePublished":"2025-07-31T11:26:23+00:00","breadcrumb":{"@id":"http:\/\/lessence.com.br\/pt\/produtos\/politica-de-privacidade\/#breadcrumb"},"inLanguage":"pt-BR","potentialAction":[{"@type":"ReadAction","target":["http:\/\/lessence.com.br\/pt\/produtos\/politica-de-privacidade\/"]}]},{"@type":"BreadcrumbList","@id":"http:\/\/lessence.com.br\/pt\/produtos\/politica-de-privacidade\/#breadcrumb","itemListElement":[{"@type":"ListItem","position":1,"name":"In\u00edcio","item":"http:\/\/lessence.com.br\/pt\/"},{"@type":"ListItem","position":2,"name":"Produtos","item":"http:\/\/lessence.com.br\/pt\/produtos\/"},{"@type":"ListItem","position":3,"name":"Pol\u00edtica de Privacidade"}]},{"@type":"WebSite","@id":"http:\/\/lessence.com.br\/pt\/#website","url":"http:\/\/lessence.com.br\/pt\/","name":"L\u00b4essence","description":"Site Oficial L\u00b4essence","publisher":{"@id":"http:\/\/lessence.com.br\/pt\/#organization"},"potentialAction":[{"@type":"SearchAction","target":{"@type":"EntryPoint","urlTemplate":"http:\/\/lessence.com.br\/pt\/?s={search_term_string}"},"query-input":{"@type":"PropertyValueSpecification","valueRequired":true,"valueName":"search_term_string"}}],"inLanguage":"pt-BR"},{"@type":"Organization","@id":"http:\/\/lessence.com.br\/pt\/#organization","name":"L' essence","url":"http:\/\/lessence.com.br\/pt\/","logo":{"@type":"ImageObject","inLanguage":"pt-BR","@id":"http:\/\/lessence.com.br\/pt\/#\/schema\/logo\/image\/","url":"http:\/\/lessence.com.br\/pt\/wp-content\/uploads\/2020\/08\/lessence-logo.png","contentUrl":"http:\/\/lessence.com.br\/pt\/wp-content\/uploads\/2020\/08\/lessence-logo.png","width":200,"height":100,"caption":"L' essence"},"image":{"@id":"http:\/\/lessence.com.br\/pt\/#\/schema\/logo\/image\/"}}]}},"_links":{"self":[{"href":"http:\/\/lessence.com.br\/pt\/wp-json\/wp\/v2\/pages\/4190","targetHints":{"allow":["GET"]}}],"collection":[{"href":"http:\/\/lessence.com.br\/pt\/wp-json\/wp\/v2\/pages"}],"about":[{"href":"http:\/\/lessence.com.br\/pt\/wp-json\/wp\/v2\/types\/page"}],"author":[{"embeddable":true,"href":"http:\/\/lessence.com.br\/pt\/wp-json\/wp\/v2\/users\/1"}],"replies":[{"embeddable":true,"href":"http:\/\/lessence.com.br\/pt\/wp-json\/wp\/v2\/comments?post=4190"}],"version-history":[{"count":3,"href":"http:\/\/lessence.com.br\/pt\/wp-json\/wp\/v2\/pages\/4190\/revisions"}],"predecessor-version":[{"id":4193,"href":"http:\/\/lessence.com.br\/pt\/wp-json\/wp\/v2\/pages\/4190\/revisions\/4193"}],"up":[{"embeddable":true,"href":"http:\/\/lessence.com.br\/pt\/wp-json\/wp\/v2\/pages\/3691"}],"wp:attachment":[{"href":"http:\/\/lessence.com.br\/pt\/wp-json\/wp\/v2\/media?parent=4190"}],"curies":[{"name":"wp","href":"https:\/\/api.w.org\/{rel}","templated":true}]}}